{"id":64,"date":"2020-10-22T06:18:20","date_gmt":"2020-10-22T06:18:20","guid":{"rendered":"http:\/\/tudial.net\/site\/?page_id=64"},"modified":"2025-10-19T04:02:39","modified_gmt":"2025-10-19T04:02:39","slug":"tus-25-2012","status":"publish","type":"page","link":"http:\/\/tudial.net\/site\/programacion\/tus-25\/tus-25-2012\/","title":{"rendered":"TUS 25 2012"},"content":{"rendered":"<div class=\"wpb-content-wrapper\"><p>[vc_row][vc_column][vc_column_text]<\/p>\n<h4 style=\"text-align: center;\"><strong>Este especial fue emitido el s\u00e1bado 5 de enero del 2013 con la edici\u00f3n semanal del programa.<\/strong><\/h4>\n<p style=\"text-align: center;\">77 canciones ingresaron en total durante todo el a\u00f1o desde el comienzo del show el 3 de marzo.<br \/>\n16 canciones llegaron al #1. Todo el top 10 est\u00e1 integrado por canciones que llegaron a la cima.<\/p>\n<p>[\/vc_column_text][\/vc_column][\/vc_row][vc_row][vc_column]<div class=\"grve-element grve-image grve-animated-item grve-fadeIn grve-align-center\" style=\"\" data-delay=\"200\"><img loading=\"lazy\" decoding=\"async\" width=\"851\" height=\"362\" src=\"http:\/\/tudial.net\/site\/wp-content\/uploads\/2020\/10\/tus25-no1-2012.jpg\" class=\"attachment-large size-large\" alt=\"\" srcset=\"http:\/\/tudial.net\/site\/wp-content\/uploads\/2020\/10\/tus25-no1-2012.jpg 851w, http:\/\/tudial.net\/site\/wp-content\/uploads\/2020\/10\/tus25-no1-2012-300x128.jpg 300w, http:\/\/tudial.net\/site\/wp-content\/uploads\/2020\/10\/tus25-no1-2012-768x327.jpg 768w\" sizes=\"auto, (max-width: 851px) 100vw, 851px\" \/><\/div>[vc_empty_space][vc_column_text animation=&#8221;fadeIn&#8221;]<\/p>\n<table style=\"height: 1403px;\" width=\"677\">\n<tbody>\n<tr>\n<td width=\"80\"><span style=\"color: #ff0000;\"><strong>Puesto<\/strong><\/span><\/td>\n<td width=\"80\"><span style=\"color: #ff0000;\"><strong>Semanas<\/strong><\/span><\/td>\n<td width=\"80\"><span style=\"color: #ff0000;\"><strong>Peak<br \/>\n<\/strong><\/span><\/td>\n<td width=\"80\"><span style=\"color: #ff0000;\"><strong>Semanas<\/strong><\/span><br \/>\n<span style=\"color: #ff0000;\"><strong>#1<\/strong><\/span><\/td>\n<td width=\"443\"><\/td>\n<\/tr>\n<tr>\n<td><strong>2<\/strong><\/td>\n<td><strong>36<\/strong><\/td>\n<td><strong>1<\/strong><\/td>\n<td><strong>3<\/strong><\/td>\n<td><strong>Lily Allen \u2013 F*** you<\/strong><\/td>\n<\/tr>\n<tr>\n<td><strong>3<\/strong><\/td>\n<td><strong>27<\/strong><\/td>\n<td><strong>1<\/strong><\/td>\n<td><strong>3<\/strong><\/td>\n<td><strong>Adele \u2013 Set fire to the rain<\/strong><\/td>\n<\/tr>\n<tr>\n<td>4<\/td>\n<td>25<\/td>\n<td>1<\/td>\n<td>2<\/td>\n<td>Sie7e \u2013 Tengo tu love<\/td>\n<\/tr>\n<tr>\n<td>5<\/td>\n<td>23<\/td>\n<td>1<\/td>\n<td>5<\/td>\n<td>David Guetta feat. Sia \u2013 Titanium<\/td>\n<\/tr>\n<tr>\n<td>6<\/td>\n<td>23<\/td>\n<td>1<\/td>\n<td>2<\/td>\n<td>Tan Bionica \u2013 Beautiful<\/td>\n<\/tr>\n<tr>\n<td>7<\/td>\n<td>23<\/td>\n<td>1<\/td>\n<td>2<\/td>\n<td>Vicentico \u2013 Luca<\/td>\n<\/tr>\n<tr>\n<td>8<\/td>\n<td>26<\/td>\n<td>1<\/td>\n<td>1<\/td>\n<td>Rihanna feat. Calvin Harris \u2013 We found love<\/td>\n<\/tr>\n<tr>\n<td>9<\/td>\n<td>26<\/td>\n<td>1<\/td>\n<td>1<\/td>\n<td>Gotye feat. Kimbra \u2013<br \/>\nSomebody I used to know (DJ Mike D radio edit)<\/td>\n<\/tr>\n<tr>\n<td>10<\/td>\n<td>25<\/td>\n<td>1<\/td>\n<td>2<\/td>\n<td>Smitten \u2013 Piano<\/td>\n<\/tr>\n<tr>\n<td>11<\/td>\n<td>29<\/td>\n<td>4<\/td>\n<td><\/td>\n<td>One Direction \u2013 One thing<\/td>\n<\/tr>\n<tr>\n<td>12<\/td>\n<td>20<\/td>\n<td>4<\/td>\n<td><\/td>\n<td>Axel \u2013 Todo mi mundo<\/td>\n<\/tr>\n<tr>\n<td>13<\/td>\n<td>19<\/td>\n<td>1<\/td>\n<td>2<\/td>\n<td>Romeo Santos \u2013 Rival<\/td>\n<\/tr>\n<tr>\n<td>14<\/td>\n<td>17<\/td>\n<td>1<\/td>\n<td>6<\/td>\n<td>PSY \u2013 Gangnam style<\/td>\n<\/tr>\n<tr>\n<td>15<\/td>\n<td>23<\/td>\n<td>1<\/td>\n<td>1<\/td>\n<td>Carly Rae Jepsen \u2013 Call me maybe<\/td>\n<\/tr>\n<tr>\n<td>16<\/td>\n<td>20<\/td>\n<td>1<\/td>\n<td>1<\/td>\n<td>LMFAO \u2013 Sexy and I know it<\/td>\n<\/tr>\n<tr>\n<td>17<\/td>\n<td>18<\/td>\n<td>3<\/td>\n<td><\/td>\n<td>Naifeel \u2013 No me digas lo que tengo que hacer<\/td>\n<\/tr>\n<tr>\n<td>18<\/td>\n<td>26<\/td>\n<td>8<\/td>\n<td><\/td>\n<td>Naifeel \u2013 Donde nace tu sol<\/td>\n<\/tr>\n<tr>\n<td>19<\/td>\n<td>15<\/td>\n<td>1<\/td>\n<td>2<\/td>\n<td>Man\u00e1 \u2013 Hasta que te conoc\u00ed<\/td>\n<\/tr>\n<tr>\n<td>20<\/td>\n<td>16<\/td>\n<td>4<\/td>\n<td><\/td>\n<td>Flo Rida \u2013 Whistle<\/td>\n<\/tr>\n<tr>\n<td>21<\/td>\n<td>19<\/td>\n<td>1<\/td>\n<td>2<\/td>\n<td>Los Autenticos Decadentes y Julieta Venegas \u2013<br \/>\nNo me importa el dinero<\/td>\n<\/tr>\n<tr>\n<td>22<\/td>\n<td>20<\/td>\n<td>5<\/td>\n<td><\/td>\n<td>Man\u00e1 \u2013 Mi reina del dolor<\/td>\n<\/tr>\n<tr>\n<td>23<\/td>\n<td>21<\/td>\n<td>2<\/td>\n<td><\/td>\n<td>Gustavo Lima \u2013 Balada boa (tch\u00e9 tche rer\u00e9)<\/td>\n<\/tr>\n<tr>\n<td>24<\/td>\n<td>20<\/td>\n<td>4<\/td>\n<td><\/td>\n<td>Pitbull &amp; Ne-Yo \u2013 Give me everything (tonight)<\/td>\n<\/tr>\n<tr>\n<td>25<\/td>\n<td>22<\/td>\n<td>8<\/td>\n<td><\/td>\n<td>Juanes \u2013 La se\u00f1al<\/td>\n<\/tr>\n<tr>\n<td>26<\/td>\n<td>18<\/td>\n<td>5<\/td>\n<td><\/td>\n<td>Shakira \u2013 Addicted to you<\/td>\n<\/tr>\n<tr>\n<td>27<\/td>\n<td>21<\/td>\n<td>6<\/td>\n<td><\/td>\n<td>Tan Bionica \u2013 Ella<\/td>\n<\/tr>\n<tr>\n<td>28<\/td>\n<td>20<\/td>\n<td>10<\/td>\n<td><\/td>\n<td>Bob Sinclar \u2013 Rock the boat<\/td>\n<\/tr>\n<tr>\n<td>29<\/td>\n<td>16<\/td>\n<td>5<\/td>\n<td><\/td>\n<td>Sergio Medina \u2013 Perd\u00f3name<\/td>\n<\/tr>\n<tr>\n<td>30<\/td>\n<td>15<\/td>\n<td>3<\/td>\n<td><\/td>\n<td>Los Tipitos \u2013 Se te nota<\/td>\n<\/tr>\n<tr>\n<td>31<\/td>\n<td>19<\/td>\n<td>5<\/td>\n<td><\/td>\n<td>De La Ghetto \u2013 Es dif\u00edcil<\/td>\n<\/tr>\n<tr>\n<td>32<\/td>\n<td>21<\/td>\n<td>6<\/td>\n<td><\/td>\n<td>Lady Gaga \u2013 Marry the night<\/td>\n<\/tr>\n<tr>\n<td>33<\/td>\n<td>23<\/td>\n<td>11<\/td>\n<td><\/td>\n<td>Reik \u2013 Peligro<\/td>\n<\/tr>\n<tr>\n<td>34<\/td>\n<td>14<\/td>\n<td>7<\/td>\n<td><\/td>\n<td>LMFAO \u2013 Sorry for party rocking<\/td>\n<\/tr>\n<tr>\n<td>35<\/td>\n<td>15<\/td>\n<td>7<\/td>\n<td><\/td>\n<td>Crossfire \u2013 Summer boo<\/td>\n<\/tr>\n<tr>\n<td>36<\/td>\n<td>19<\/td>\n<td>10<\/td>\n<td><\/td>\n<td>Catupecu Machu \u2013 Aparecen (Leonelli &amp; Dluk remix)<\/td>\n<\/tr>\n<tr>\n<td>37<\/td>\n<td>13<\/td>\n<td>5<\/td>\n<td><\/td>\n<td>Sak Noel \u2013 Paso (The Nini anthem)<\/td>\n<\/tr>\n<tr>\n<td>38<\/td>\n<td>18<\/td>\n<td>8<\/td>\n<td><\/td>\n<td>Pepe Aguilar \u2013 Prometiste<\/td>\n<\/tr>\n<tr>\n<td>39<\/td>\n<td>18<\/td>\n<td>9<\/td>\n<td><\/td>\n<td>Sergio Medina \u2013 Llorandote<\/td>\n<\/tr>\n<tr>\n<td>40<\/td>\n<td>12<\/td>\n<td>5<\/td>\n<td><\/td>\n<td>Calvin Harris feat. Ne-Yo \u2013 Let\u2019s go<\/td>\n<\/tr>\n<tr>\n<td>41<\/td>\n<td>12<\/td>\n<td>6<\/td>\n<td><\/td>\n<td>Bruno Mars \u2013 The lazy song<\/td>\n<\/tr>\n<tr>\n<td>42<\/td>\n<td>14<\/td>\n<td>8<\/td>\n<td><\/td>\n<td>Lady Antebellum \u2013 Need you now<\/td>\n<\/tr>\n<tr>\n<td>43<\/td>\n<td>10<\/td>\n<td>8<\/td>\n<td><\/td>\n<td>David Guetta feat. Usher \u2013 Without you<\/td>\n<\/tr>\n<tr>\n<td>44<\/td>\n<td>8<\/td>\n<td>2<\/td>\n<td><\/td>\n<td>Madonna \u2013 Give me all your luvin\u2019<\/td>\n<\/tr>\n<tr>\n<td>45<\/td>\n<td>9<\/td>\n<td>7<\/td>\n<td><\/td>\n<td>Belinda \u2013 En el amor hay que perdonar<\/td>\n<\/tr>\n<tr>\n<td>46<\/td>\n<td>14<\/td>\n<td>12<\/td>\n<td><\/td>\n<td>Madonna \u2013 Girl gone wild<\/td>\n<\/tr>\n<tr>\n<td>47<\/td>\n<td>13<\/td>\n<td>9<\/td>\n<td><\/td>\n<td>3ball MTY &amp; America Sierra \u2013 Besos al aire<\/td>\n<\/tr>\n<tr>\n<td>48<\/td>\n<td>13<\/td>\n<td>3<\/td>\n<td><\/td>\n<td>Chris Brown &amp; Benny Benassi \u2013 Beautiful people<\/td>\n<\/tr>\n<tr>\n<td>49<\/td>\n<td>11<\/td>\n<td>12<\/td>\n<td><\/td>\n<td>David Guetta feat. Chris Brown \u2013 I can only imagine<\/td>\n<\/tr>\n<tr>\n<td>50<\/td>\n<td>12<\/td>\n<td>13<\/td>\n<td><\/td>\n<td>Rita Ora \u2013 How we do (Party)<\/td>\n<\/tr>\n<\/tbody>\n<\/table>\n<p>[\/vc_column_text][\/vc_column][\/vc_row][vc_row][vc_column width=&#8221;2\/3&#8243;]<div class=\"grve-element grve-image grve-animated-item grve-fadeIn grve-align-center\" style=\"\" data-delay=\"200\"><img loading=\"lazy\" decoding=\"async\" width=\"1024\" height=\"406\" src=\"http:\/\/tudial.net\/site\/wp-content\/uploads\/2020\/10\/tus25-charts-2012-1024x406.jpg\" class=\"attachment-large size-large\" alt=\"\" srcset=\"http:\/\/tudial.net\/site\/wp-content\/uploads\/2020\/10\/tus25-charts-2012-1024x406.jpg 1024w, http:\/\/tudial.net\/site\/wp-content\/uploads\/2020\/10\/tus25-charts-2012-300x119.jpg 300w, http:\/\/tudial.net\/site\/wp-content\/uploads\/2020\/10\/tus25-charts-2012-768x305.jpg 768w, http:\/\/tudial.net\/site\/wp-content\/uploads\/2020\/10\/tus25-charts-2012-1536x610.jpg 1536w, http:\/\/tudial.net\/site\/wp-content\/uploads\/2020\/10\/tus25-charts-2012-1920x762.jpg 1920w\" sizes=\"auto, (max-width: 1024px) 100vw, 1024px\" \/><\/div>[\/vc_column][vc_column width=&#8221;1\/3&#8243;][vc_empty_space height=&#8221;62px&#8221;][vc_column_text css=&#8221;&#8221;]<\/p>\n<h3 style=\"text-align: center;\"><span style=\"color: #ff0000;\">Escucha completo el ANUARIO Tus 25 2012<\/span><\/h3>\n<p style=\"text-align: center;\"><audio controls=\"controls\"><span style=\"display: inline-block; width: 0px; overflow: hidden; line-height: 0;\" data-mce-type=\"bookmark\" class=\"mce_SELRES_start\">\ufeff<\/span><source src=\"https:\/\/tudial.net\/media\/especiales\/tus25\/tus25-2012.mp3\" type=\"audio\/mpeg\" \/><span style=\"display: inline-block; width: 0px; overflow: hidden; line-height: 0;\" data-mce-type=\"bookmark\" class=\"mce_SELRES_end\">\ufeff<\/span><br \/>\nYour browser does not support the audio element.<\/audio><\/p>\n<p>[\/vc_column_text][\/vc_column][\/vc_row]<\/p>\n<\/div><script>function PlayerjsAsync(){} if(window[\"Playerjs\"]){PlayerjsAsync();}<\/script>","protected":false},"excerpt":{"rendered":"<p>[vc_row][vc_column][vc_column_text] Este especial fue emitido el s\u00e1bado 5 de enero del 2013 con la edici\u00f3n semanal del programa. 77 canciones ingresaron en total durante todo el a\u00f1o desde el comienzo del show el 3 de marzo. 16 canciones llegaron al #1. Todo el top 10 est\u00e1 integrado por canciones que llegaron a la cima. [\/vc_column_text][\/vc_column][\/vc_row][vc_row][vc_column][vc_empty_space][vc_column_text [&hellip;]<\/p>\n","protected":false},"author":1,"featured_media":0,"parent":44,"menu_order":0,"comment_status":"closed","ping_status":"closed","template":"","meta":{"footnotes":""},"class_list":["post-64","page","type-page","status-publish","hentry"],"_links":{"self":[{"href":"http:\/\/tudial.net\/site\/wp-json\/wp\/v2\/pages\/64","targetHints":{"allow":["GET"]}}],"collection":[{"href":"http:\/\/tudial.net\/site\/wp-json\/wp\/v2\/pages"}],"about":[{"href":"http:\/\/tudial.net\/site\/wp-json\/wp\/v2\/types\/page"}],"author":[{"embeddable":true,"href":"http:\/\/tudial.net\/site\/wp-json\/wp\/v2\/users\/1"}],"replies":[{"embeddable":true,"href":"http:\/\/tudial.net\/site\/wp-json\/wp\/v2\/comments?post=64"}],"version-history":[{"count":10,"href":"http:\/\/tudial.net\/site\/wp-json\/wp\/v2\/pages\/64\/revisions"}],"predecessor-version":[{"id":1249,"href":"http:\/\/tudial.net\/site\/wp-json\/wp\/v2\/pages\/64\/revisions\/1249"}],"up":[{"embeddable":true,"href":"http:\/\/tudial.net\/site\/wp-json\/wp\/v2\/pages\/44"}],"wp:attachment":[{"href":"http:\/\/tudial.net\/site\/wp-json\/wp\/v2\/media?parent=64"}],"curies":[{"name":"wp","href":"https:\/\/api.w.org\/{rel}","templated":true}]}}