{"id":407,"date":"2020-12-29T03:51:37","date_gmt":"2020-12-29T03:51:37","guid":{"rendered":"http:\/\/tudial.net\/site\/?page_id=407"},"modified":"2020-12-29T03:51:37","modified_gmt":"2020-12-29T03:51:37","slug":"privacidad","status":"publish","type":"page","link":"http:\/\/tudial.net\/site\/privacidad\/","title":{"rendered":"AVISO DE PRIVACIDAD"},"content":{"rendered":"<div class=\"wpb-content-wrapper\"><p>[vc_row][vc_column][vc_column_text]<\/p>\n<p><b>Tu Dial se compromete a adoptar una pol\u00edtica de confidencialidad y protecci\u00f3n de datos con el objeto de proteger la privacidad de la informaci\u00f3n personal obtenida a trav\u00e9s de su sitio web.<\/b><\/p>\n<p><b>Tu Dial se reserva el derecho de modificar las Normas de Confidencialidad y Protecci\u00f3n de Datos<\/b> que a continuaci\u00f3n se detallan a fin de adaptarlas a nuevos requerimientos legislativos, jurisprudenciales, t\u00e9cnicos o todos aquellos que le permitan brindar mejores servicios y contenidos, con lo cual se aconseja revisar estas normas peri\u00f3dicamente.<\/p>\n<p>Asimismo, debido a que ciertos servicios y contenidos del sitio web de Tu Dial pueden contener normas espec\u00edficas en materia de confidencialidad y protecci\u00f3n de datos, <b>se recomienda a los usuarios del sitio web tomar conocimiento espec\u00edfico de ellas.<\/b><\/p>\n<p><b>Est\u00e1 bajo las normas de confidencialidad y protecci\u00f3n de datos toda aquella informaci\u00f3n personal que el usuario ingresa libre y voluntariamente a Tu Dial, mediante nuestro formulario de Contacto.<\/b> El usuario podr\u00e1 ingresar sus datos personales durante el completado del formulario de Contacto y su posterior env\u00edo al sitio web de Tu Dial y en otras ocasiones como en los concursos, promociones, compras, etc, si los hubiere. El tipo de informaci\u00f3n incluye, pero no es limitativo, nombre, apellido, direcci\u00f3n, n\u00famero de tel\u00e9fono, correo electr\u00f3nico, sexo, edad y\/o nivel educacional.<\/p>\n<p><b>Los datos personales ingresados voluntariamente por los usuarios<\/b> y contenidos en la informaci\u00f3n confidencial, son utilizados para proveerle al usuario un servicio y contenidos m\u00e1s personalizados y acordes a sus necesidades, gustos e intereses, y en su caso, ofreciendo publicidad selectiva o contenidos que puedan llegar a serle de mayor inter\u00e9s. <strong>Tu Dial proveer\u00e1 este servicio con el consentimiento expreso del usuario.<\/strong><\/p>\n<p><b>Los Cookies<\/b> son peque\u00f1as porciones de informaci\u00f3n, transferidas desde el disco duro de la computadora del usuario a trav\u00e9s de Internet, que permiten identificar a las computadoras conectadas a un sitio Web. <strong>Los cookies son an\u00f3nimos.<\/strong><\/p>\n<p>El acceso a la informaci\u00f3n por medio de los cookies, permite a Tu Dial ofrecer al usuario que previa y voluntariamente haya prestado su consentimiento, un servicio m\u00e1s personalizado, ya que reflejan sus h\u00e1bitos y preferencias.<\/p>\n<p><b>Tu Dial les hace saber a los usuarios que las redes publicitarias que insertan avisos en nuestras p\u00e1ginas pueden tambi\u00e9n utilizar sus propios cookies y que \u00e9stos se pueden activar cuando el usuario \u201cclickea\u201d un determinado banner.<\/b><\/p>\n<p>Asimismo, es importante aclarar que estos <b>t\u00e9rminos de confidencialidad y protecci\u00f3n de datos<\/b> s\u00f3lo son aplicables a los datos recolectados en el sitio web de Tu Dial.<\/p>\n<p><b>Tu Dial no compartir\u00e1 la informaci\u00f3n confidencial con terceros<\/b>, excepto que tenga expresa autorizaci\u00f3n de quienes se suscribieron, o cuando ha sido requerido por orden judicial o legal, o para proteger los derechos de propiedad u otros derechos de Tu Dial.<\/p>\n<p><b>Tu Dial no vende ni alquila\/renta\/arrienda la informaci\u00f3n de los usuarios.<\/b> Si los datos personales del usuario debieran ser compartidos con socios comerciales o patrocinantes, el usuario ser\u00e1 notificado antes que \u00e9stos sean recogidos o transferidos. Si no desea que sus datos sean compartidos, puede decidir no utilizar un servicio determinado o no participar en algunas promociones o concursos.<\/p>\n<p>Para disminuir los riesgos de un improbable robo de datos al dejar su mensaje en el formulario de Contacto, Tu Dial recomienda al usuario <b>cerrar la ventana de su navegador cuando finalice su actividad<\/b>, m\u00e1s a\u00fan si comparte su computadora\/ordenador con alguien o utiliza una computadora\/ordenador en un lugar p\u00fablico como una biblioteca o un \u201ccyber caf\u00e9\u201d.<\/p>\n<p>Si bien Tu Dial posee la confianza de un sistema de protecci\u00f3n tecnol\u00f3gico que va desde sus servidores hasta la salida a Internet, ninguna transmisi\u00f3n por Internet puede garantizar su seguridad al 100%. <b>Tu Dial no puede garantizar que la informaci\u00f3n ingresada a su sitio web o transmitida utilizando el formulario de Contacto sea completamente segura, con lo cual el usuario corre su propio riesgo.<\/b><\/p>\n<p>Considerando que la salvaguarda de la informaci\u00f3n personal infantil es extremadamente importante, <b>Tu Dial no solicita informaci\u00f3n de identificaci\u00f3n personal a menores de edad<\/b>. Los menores de edad siempre deben solicitar permiso a sus padres antes de utilizar los servicios y contenidos de Tu Dial o enviar informaci\u00f3n personal.<\/p>\n<p><b>Esta declaraci\u00f3n de Confidencialidad y Protecci\u00f3n de Datos est\u00e1 sujeta a los t\u00e9rminos y condiciones de Tu Dial, con lo cual constituye un acuerdo legal entre el usuario y Tu Dial.<\/b><\/p>\n<p><b>Si el usuario utiliza los servicios de Tu Dial, significa que ha le\u00eddo, entendido y acordado los t\u00e9rminos antes expuestos.<\/b> Si no est\u00e1 de acuerdo con ellos, \u00e9l tiene la opci\u00f3n de no proporcionar ninguna informaci\u00f3n personal o no utilizar el servicio de Tu Dial.<\/p>\n<p>Tu Dial provee productos y servicios gratuitos a su comunidad de usuarios y por lo tanto estos aceptan y reconocen que el soporte t\u00e9cnico de los mismos son limitados. <strong>De ninguna forma Tu Dial indemnizar\u00e1 a los usuarios ante eventuales p\u00e9rdidas de informaci\u00f3n.<\/strong><\/p>\n<p><strong>El usuario admite tambi\u00e9n que la \u00fanica v\u00eda v\u00e1lida de comunicaci\u00f3n con Tu Dial<\/strong> es por correo electr\u00f3nico a nuestra casilla <strong><a href=\"https:\/\/web.archive.org\/web\/20200218083425\/mailto:diego@dulatina.com\" target=\"_blank\" rel=\"noopener\"><span style=\"color: #ff0000;\">diego@dulatina.com <\/span><\/a><\/strong>o a trav\u00e9s de nuestro formulario de contacto, <a href=\"https:\/\/web.archive.org\/web\/20200218083425\/http:\/\/www.tudial.net\/contacto\" target=\"_blank\" rel=\"noopener\"><b><span style=\"color: #ff0000;\"> www.tudial.net\/contacto<\/span><\/b><\/a>.<\/p>\n<p>[\/vc_column_text][\/vc_column][\/vc_row]<\/p>\n<\/div><script>function PlayerjsAsync(){} if(window[\"Playerjs\"]){PlayerjsAsync();}<\/script>","protected":false},"excerpt":{"rendered":"<p>[vc_row][vc_column][vc_column_text] Tu Dial se compromete a adoptar una pol\u00edtica de confidencialidad y protecci\u00f3n de datos con el objeto de proteger la privacidad de la informaci\u00f3n personal obtenida a trav\u00e9s de su sitio web. Tu Dial se reserva el derecho de modificar las Normas de Confidencialidad y Protecci\u00f3n de Datos que a continuaci\u00f3n se detallan a [&hellip;]<\/p>\n","protected":false},"author":1,"featured_media":0,"parent":0,"menu_order":0,"comment_status":"closed","ping_status":"closed","template":"","meta":{"footnotes":""},"class_list":["post-407","page","type-page","status-publish","hentry"],"_links":{"self":[{"href":"http:\/\/tudial.net\/site\/wp-json\/wp\/v2\/pages\/407","targetHints":{"allow":["GET"]}}],"collection":[{"href":"http:\/\/tudial.net\/site\/wp-json\/wp\/v2\/pages"}],"about":[{"href":"http:\/\/tudial.net\/site\/wp-json\/wp\/v2\/types\/page"}],"author":[{"embeddable":true,"href":"http:\/\/tudial.net\/site\/wp-json\/wp\/v2\/users\/1"}],"replies":[{"embeddable":true,"href":"http:\/\/tudial.net\/site\/wp-json\/wp\/v2\/comments?post=407"}],"version-history":[{"count":1,"href":"http:\/\/tudial.net\/site\/wp-json\/wp\/v2\/pages\/407\/revisions"}],"predecessor-version":[{"id":408,"href":"http:\/\/tudial.net\/site\/wp-json\/wp\/v2\/pages\/407\/revisions\/408"}],"wp:attachment":[{"href":"http:\/\/tudial.net\/site\/wp-json\/wp\/v2\/media?parent=407"}],"curies":[{"name":"wp","href":"https:\/\/api.w.org\/{rel}","templated":true}]}}