{"id":1117,"date":"2025-02-28T06:53:14","date_gmt":"2025-02-28T06:53:14","guid":{"rendered":"http:\/\/tudial.net\/site\/?page_id=1117"},"modified":"2025-03-17T00:22:39","modified_gmt":"2025-03-17T00:22:39","slug":"tus-25-2024","status":"publish","type":"page","link":"http:\/\/tudial.net\/site\/programacion\/tus-25\/tus-25-2024\/","title":{"rendered":"TUS 25 2024"},"content":{"rendered":"<div class=\"wpb-content-wrapper\"><p>[vc_row][vc_column][vc_column_text css=&#8221;&#8221; animation=&#8221;fadeIn&#8221;]<\/p>\n<h3 style=\"text-align: center;\"><strong>Este especial se estrenar\u00e1 en diciembre de 2025 durante la Megamarat\u00f3n de Anuarios de Tus 25.<\/strong><\/h3>\n<h4 style=\"text-align: center;\">63 canciones ingresaron y permanecieron en total durante todo el a\u00f1o.<br \/>\n21 de ellas llegaron al #1, de las cuales 7 de las 10 primeras de la lista llegaron a la cima.<\/h4>\n<h4 style=\"text-align: center;\">El mayor &#8220;Best Entry&#8221; del a\u00f1o fue &#8220;All my love&#8221; de Coldplay, que ingres\u00f3 en el #5 semanal y termin\u00f3 en el #52 de este anuario.<\/h4>\n<p>[\/vc_column_text][\/vc_column][\/vc_row][vc_row][vc_column]<div class=\"grve-element grve-image grve-animated-item grve-fadeIn grve-align-center\" style=\"\" data-delay=\"200\"><img loading=\"lazy\" decoding=\"async\" width=\"1024\" height=\"390\" src=\"http:\/\/tudial.net\/site\/wp-content\/uploads\/2025\/02\/tus25-no1-2024-anuario-1-1024x390.jpg\" class=\"attachment-large size-large\" alt=\"\" srcset=\"http:\/\/tudial.net\/site\/wp-content\/uploads\/2025\/02\/tus25-no1-2024-anuario-1-1024x390.jpg 1024w, http:\/\/tudial.net\/site\/wp-content\/uploads\/2025\/02\/tus25-no1-2024-anuario-1-300x114.jpg 300w, http:\/\/tudial.net\/site\/wp-content\/uploads\/2025\/02\/tus25-no1-2024-anuario-1-768x292.jpg 768w, http:\/\/tudial.net\/site\/wp-content\/uploads\/2025\/02\/tus25-no1-2024-anuario-1-1536x584.jpg 1536w, http:\/\/tudial.net\/site\/wp-content\/uploads\/2025\/02\/tus25-no1-2024-anuario-1-1920x730.jpg 1920w\" sizes=\"auto, (max-width: 1024px) 100vw, 1024px\" \/><\/div>[vc_empty_space][vc_column_text css=&#8221;&#8221; animation=&#8221;fadeIn&#8221;]<\/p>\n<table width=\"846\">\n<tbody>\n<tr>\n<td width=\"80\"><em><strong><span style=\"color: #ff0000;\">Puesto<\/span><\/strong><\/em><\/td>\n<td width=\"93\"><span style=\"color: #ff0000;\"><em><strong>Semanas 2024<\/strong><\/em><\/span><\/td>\n<td width=\"68\"><span style=\"color: #ff0000;\"><em><strong>Peak 2024<\/strong><\/em><\/span><\/td>\n<td width=\"94\"><span style=\"color: #ff0000;\"><em><strong>Semanas No.1<\/strong><\/em><\/span><\/td>\n<td width=\"511\"><\/td>\n<\/tr>\n<tr>\n<td>1<\/td>\n<td>49<\/td>\n<td>1<\/td>\n<td>2<\/td>\n<td>Ahyre &#8211; La luna<\/td>\n<\/tr>\n<tr>\n<td>2<\/td>\n<td>42<\/td>\n<td>4<\/td>\n<td><\/td>\n<td>Two Door Cinema Club &#8211; Lucky<\/td>\n<\/tr>\n<tr>\n<td>3<\/td>\n<td>30<\/td>\n<td>1<\/td>\n<td>4<\/td>\n<td>Abel Pintos &amp; Luciano Pereyra &#8211; Es ahora<\/td>\n<\/tr>\n<tr>\n<td>4<\/td>\n<td>33<\/td>\n<td>1<\/td>\n<td>3<\/td>\n<td>Hozier &#8211; Too sweet<\/td>\n<\/tr>\n<tr>\n<td>5<\/td>\n<td>28<\/td>\n<td>1<\/td>\n<td>4<\/td>\n<td>Post Malone &amp; Morgan Wallen &#8211; I had some help<\/td>\n<\/tr>\n<tr>\n<td>6<\/td>\n<td>30<\/td>\n<td>1<\/td>\n<td>2<\/td>\n<td>Thirty Seconds To Mars &#8211; Stuck<\/td>\n<\/tr>\n<tr>\n<td>7<\/td>\n<td>39<\/td>\n<td>1<\/td>\n<td>2<\/td>\n<td>Ariana Grande &#8211; We can&#8217;t be friends (wait for your love)<\/td>\n<\/tr>\n<tr>\n<td>8<\/td>\n<td>36<\/td>\n<td>6<\/td>\n<td><\/td>\n<td>Purple Disco Machine, Kungs &amp; Julian Perretta &#8211; Substitution<\/td>\n<\/tr>\n<tr>\n<td>9<\/td>\n<td>45<\/td>\n<td>8<\/td>\n<td><\/td>\n<td>MUNA &#8211; One that got away<\/td>\n<\/tr>\n<tr>\n<td>10<\/td>\n<td>31<\/td>\n<td>1<\/td>\n<td>2<\/td>\n<td>Sabrina Carpenter &#8211; Espresso<\/td>\n<\/tr>\n<tr>\n<td>11<\/td>\n<td>32<\/td>\n<td>1<\/td>\n<td>2<\/td>\n<td>Rayos Laser &#8211; La pelea<\/td>\n<\/tr>\n<tr>\n<td>12<\/td>\n<td>24<\/td>\n<td>1<\/td>\n<td>3<\/td>\n<td>Shaboozey &#8211; A Bar song (Tipsy)<\/td>\n<\/tr>\n<tr>\n<td>13<\/td>\n<td>29<\/td>\n<td>1<\/td>\n<td>2<\/td>\n<td>Beyonc\u00e9 &#8211; Texas hold &#8216;em<\/td>\n<\/tr>\n<tr>\n<td>14<\/td>\n<td>35<\/td>\n<td>1<\/td>\n<td>2<\/td>\n<td>Teddy Swims &#8211; Lose control<\/td>\n<\/tr>\n<tr>\n<td>15<\/td>\n<td>27<\/td>\n<td>1<\/td>\n<td>2<\/td>\n<td>Ghost &#8211; We don&#8217;t need another hero<\/td>\n<\/tr>\n<tr>\n<td>16<\/td>\n<td>25<\/td>\n<td>1<\/td>\n<td>1<\/td>\n<td>Charlie Rodd &#8211; Caf\u00e9 Hipnosis<\/td>\n<\/tr>\n<tr>\n<td>17<\/td>\n<td>31<\/td>\n<td>1<\/td>\n<td>3<\/td>\n<td>The Kiffness &amp; Chai Kichi &#8211; Ha Hee<\/td>\n<\/tr>\n<tr>\n<td>18<\/td>\n<td>32<\/td>\n<td>7<\/td>\n<td><\/td>\n<td>Electrochongo &#8211; Carros<\/td>\n<\/tr>\n<tr>\n<td>19<\/td>\n<td>37<\/td>\n<td>1<\/td>\n<td>3<\/td>\n<td>Peggy Gou &#8211; (It goes like) Nanana<\/td>\n<\/tr>\n<tr>\n<td>20<\/td>\n<td>42<\/td>\n<td>6<\/td>\n<td><\/td>\n<td>Kenya Grace &#8211; Strangers<\/td>\n<\/tr>\n<tr>\n<td>21<\/td>\n<td>27<\/td>\n<td>4<\/td>\n<td><\/td>\n<td>El Zar &#8211; Tarde o temprano<\/td>\n<\/tr>\n<tr>\n<td>22<\/td>\n<td>26<\/td>\n<td>1<\/td>\n<td>2<\/td>\n<td>Jack Harlow &#8211; Lovin&#8217; on me<\/td>\n<\/tr>\n<tr>\n<td>23<\/td>\n<td>29<\/td>\n<td>8<\/td>\n<td><\/td>\n<td>Juan Rosasco en Banda &amp; Manu Quieto &#8211; El milagro<\/td>\n<\/tr>\n<tr>\n<td>24<\/td>\n<td>18<\/td>\n<td>1<\/td>\n<td>5<\/td>\n<td>L\u00c9ON &#8211; And it breaks my heart<\/td>\n<\/tr>\n<tr>\n<td>25<\/td>\n<td>22<\/td>\n<td>1<\/td>\n<td>4<\/td>\n<td>Taylor Swift &#8211; Cruel summer<\/td>\n<\/tr>\n<tr>\n<td>26<\/td>\n<td>24<\/td>\n<td>5<\/td>\n<td><\/td>\n<td>Jaxomy x Agatino Romero x Raffaella Carr\u00e0 &#8211;\u00a0 Pedro<\/td>\n<\/tr>\n<tr>\n<td>27<\/td>\n<td>20<\/td>\n<td>3<\/td>\n<td><\/td>\n<td>Malifoo &#8211; Tell me something<\/td>\n<\/tr>\n<tr>\n<td>28<\/td>\n<td>19<\/td>\n<td>1<\/td>\n<td>2<\/td>\n<td>Bandalos Chinos &#8211; C\u00e1llame<\/td>\n<\/tr>\n<tr>\n<td>29<\/td>\n<td>28<\/td>\n<td>12<\/td>\n<td><\/td>\n<td>Rondamon &#8211; Dela<\/td>\n<\/tr>\n<tr>\n<td>30<\/td>\n<td>23<\/td>\n<td>10<\/td>\n<td><\/td>\n<td>Roberto Vaquero &#8211; Sempiterno<\/td>\n<\/tr>\n<tr>\n<td>31<\/td>\n<td>20<\/td>\n<td>1<\/td>\n<td>1<\/td>\n<td>The Rolling Stones &#8211; Angry<\/td>\n<\/tr>\n<tr>\n<td>32<\/td>\n<td>24<\/td>\n<td>7<\/td>\n<td><\/td>\n<td>Tommy Vee &#8211; DANCE NOW!<\/td>\n<\/tr>\n<tr>\n<td>33<\/td>\n<td>22<\/td>\n<td>13<\/td>\n<td><\/td>\n<td>Kim Wilde &amp; Boy George &#8211; Shine on<\/td>\n<\/tr>\n<tr>\n<td>34<\/td>\n<td>15<\/td>\n<td>9<\/td>\n<td><\/td>\n<td>Charly Garc\u00eda &#8211; Rompela<\/td>\n<\/tr>\n<tr>\n<td>35<\/td>\n<td>18<\/td>\n<td>2<\/td>\n<td><\/td>\n<td>The Beatles &#8211; Now and then<\/td>\n<\/tr>\n<tr>\n<td>36<\/td>\n<td>17<\/td>\n<td>4<\/td>\n<td><\/td>\n<td>Caligaris &amp; Miranda! &#8211; Mago<\/td>\n<\/tr>\n<tr>\n<td>37<\/td>\n<td>22<\/td>\n<td>12<\/td>\n<td><\/td>\n<td>Interpol &#8211; C&#8217;mere<\/td>\n<\/tr>\n<tr>\n<td>38<\/td>\n<td>21<\/td>\n<td>15<\/td>\n<td><\/td>\n<td>SAFETY &#8211; That girl<\/td>\n<\/tr>\n<tr>\n<td>39<\/td>\n<td>12<\/td>\n<td>8<\/td>\n<td><\/td>\n<td>Moenia &amp; Javiera Mena &#8211; Fotonovela<\/td>\n<\/tr>\n<tr>\n<td>40<\/td>\n<td>18<\/td>\n<td>14<\/td>\n<td><\/td>\n<td>Fitz and The Tantrums &#8211; So what<\/td>\n<\/tr>\n<tr>\n<td>41<\/td>\n<td>16<\/td>\n<td>13<\/td>\n<td><\/td>\n<td>Distortion Army &#8211; Ya no hay nada<\/td>\n<\/tr>\n<tr>\n<td>42<\/td>\n<td>6<\/td>\n<td>1<\/td>\n<td>1<\/td>\n<td>The Rolling Stones &#8211; Mess it up (Purple Disco Machine remix) <em><strong><span style=\"color: #ff0000;\">2nd Best 2024 entry<\/span><\/strong><\/em><\/td>\n<\/tr>\n<tr>\n<td>43<\/td>\n<td>7<\/td>\n<td>4<\/td>\n<td><\/td>\n<td>Duck Sauce &#8211; Fallin in love <span style=\"color: #ff0000;\"><em><strong>3rd Best 2024 entry<\/strong><\/em><\/span><\/td>\n<\/tr>\n<tr>\n<td>44<\/td>\n<td>10<\/td>\n<td>9<\/td>\n<td><\/td>\n<td>Sophie Ellis Bextor &#8211; Murder on the dancefloor<\/td>\n<\/tr>\n<tr>\n<td>45<\/td>\n<td>13<\/td>\n<td>10<\/td>\n<td><\/td>\n<td>Parientes &#8211; Cuando estoy solo<\/td>\n<\/tr>\n<tr>\n<td>46<\/td>\n<td>15<\/td>\n<td>15<\/td>\n<td><\/td>\n<td>Eminem &#8211; Houdini<\/td>\n<\/tr>\n<tr>\n<td>47<\/td>\n<td>14<\/td>\n<td>14<\/td>\n<td><\/td>\n<td>Jungkook &amp; Latto &#8211; Seven<\/td>\n<\/tr>\n<tr>\n<td>48<\/td>\n<td>14<\/td>\n<td>15<\/td>\n<td><\/td>\n<td>Dorian &#8211; La tormenta de arena<\/td>\n<\/tr>\n<tr>\n<td>49<\/td>\n<td>12<\/td>\n<td>15<\/td>\n<td><\/td>\n<td>Origo &#8211; Shut it off<\/td>\n<\/tr>\n<tr>\n<td>50<\/td>\n<td>10<\/td>\n<td>9<\/td>\n<td><\/td>\n<td>Jain &#8211; Makeba<\/td>\n<\/tr>\n<\/tbody>\n<\/table>\n<p>[\/vc_column_text][\/vc_column][\/vc_row][vc_row][vc_column width=&#8221;2\/3&#8243;]<div class=\"grve-element grve-image grve-animated-item grve-fadeIn grve-align-center\" style=\"\" data-delay=\"200\"><img loading=\"lazy\" decoding=\"async\" width=\"1024\" height=\"430\" src=\"http:\/\/tudial.net\/site\/wp-content\/uploads\/2025\/02\/tus25-charts-2024-1024x430.jpg\" class=\"attachment-large size-large\" alt=\"\" srcset=\"http:\/\/tudial.net\/site\/wp-content\/uploads\/2025\/02\/tus25-charts-2024-1024x430.jpg 1024w, http:\/\/tudial.net\/site\/wp-content\/uploads\/2025\/02\/tus25-charts-2024-300x126.jpg 300w, http:\/\/tudial.net\/site\/wp-content\/uploads\/2025\/02\/tus25-charts-2024-768x322.jpg 768w, http:\/\/tudial.net\/site\/wp-content\/uploads\/2025\/02\/tus25-charts-2024-1536x645.jpg 1536w, http:\/\/tudial.net\/site\/wp-content\/uploads\/2025\/02\/tus25-charts-2024-1920x806.jpg 1920w\" sizes=\"auto, (max-width: 1024px) 100vw, 1024px\" \/><\/div>[\/vc_column][vc_column width=&#8221;1\/3&#8243;][vc_empty_space height=&#8221;62px&#8221;][\/vc_column][\/vc_row]<\/p>\n<\/div><script>function PlayerjsAsync(){} if(window[\"Playerjs\"]){PlayerjsAsync();}<\/script>","protected":false},"excerpt":{"rendered":"<p>[vc_row][vc_column][vc_column_text css=&#8221;&#8221; animation=&#8221;fadeIn&#8221;] Este especial se estrenar\u00e1 en diciembre de 2025 durante la Megamarat\u00f3n de Anuarios de Tus 25. 63 canciones ingresaron y permanecieron en total durante todo el a\u00f1o. 21 de ellas llegaron al #1, de las cuales 7 de las 10 primeras de la lista llegaron a la cima. El mayor &#8220;Best Entry&#8221; [&hellip;]<\/p>\n","protected":false},"author":1,"featured_media":0,"parent":44,"menu_order":0,"comment_status":"closed","ping_status":"closed","template":"","meta":{"footnotes":""},"class_list":["post-1117","page","type-page","status-publish","hentry"],"_links":{"self":[{"href":"http:\/\/tudial.net\/site\/wp-json\/wp\/v2\/pages\/1117","targetHints":{"allow":["GET"]}}],"collection":[{"href":"http:\/\/tudial.net\/site\/wp-json\/wp\/v2\/pages"}],"about":[{"href":"http:\/\/tudial.net\/site\/wp-json\/wp\/v2\/types\/page"}],"author":[{"embeddable":true,"href":"http:\/\/tudial.net\/site\/wp-json\/wp\/v2\/users\/1"}],"replies":[{"embeddable":true,"href":"http:\/\/tudial.net\/site\/wp-json\/wp\/v2\/comments?post=1117"}],"version-history":[{"count":5,"href":"http:\/\/tudial.net\/site\/wp-json\/wp\/v2\/pages\/1117\/revisions"}],"predecessor-version":[{"id":1132,"href":"http:\/\/tudial.net\/site\/wp-json\/wp\/v2\/pages\/1117\/revisions\/1132"}],"up":[{"embeddable":true,"href":"http:\/\/tudial.net\/site\/wp-json\/wp\/v2\/pages\/44"}],"wp:attachment":[{"href":"http:\/\/tudial.net\/site\/wp-json\/wp\/v2\/media?parent=1117"}],"curies":[{"name":"wp","href":"https:\/\/api.w.org\/{rel}","templated":true}]}}