{"id":1107,"date":"2025-02-22T07:23:25","date_gmt":"2025-02-22T07:23:25","guid":{"rendered":"http:\/\/tudial.net\/site\/?page_id=1107"},"modified":"2025-02-28T06:58:23","modified_gmt":"2025-02-28T06:58:23","slug":"tus-25-2023","status":"publish","type":"page","link":"http:\/\/tudial.net\/site\/programacion\/tus-25\/tus-25-2023\/","title":{"rendered":"TUS 25 2023"},"content":{"rendered":"<div class=\"wpb-content-wrapper\"><p>[vc_row][vc_column][vc_column_text css=&#8221;&#8221; animation=&#8221;fadeIn&#8221;]<\/p>\n<h3 style=\"text-align: center;\"><strong>Este especial se estrenar\u00e1 en diciembre de 2025 durante la Megamarat\u00f3n de Anuarios de Tus 25.<\/strong><\/h3>\n<h4 style=\"text-align: center;\">69 canciones ingresaron y permanecieron en total durante todo el a\u00f1o.<br \/>\n20 de ellas llegaron al #1, de las cuales 9 de las 10 primeras de la lista llegaron a la cima.<\/h4>\n<p>[\/vc_column_text][\/vc_column][\/vc_row][vc_row][vc_column]<div class=\"grve-element grve-image grve-animated-item grve-fadeIn grve-align-center\" style=\"\" data-delay=\"200\"><img loading=\"lazy\" decoding=\"async\" width=\"1024\" height=\"390\" src=\"http:\/\/tudial.net\/site\/wp-content\/uploads\/2025\/02\/tus25-no1-2023-anuario-1024x390.jpg\" class=\"attachment-large size-large\" alt=\"\" srcset=\"http:\/\/tudial.net\/site\/wp-content\/uploads\/2025\/02\/tus25-no1-2023-anuario-1024x390.jpg 1024w, http:\/\/tudial.net\/site\/wp-content\/uploads\/2025\/02\/tus25-no1-2023-anuario-300x114.jpg 300w, http:\/\/tudial.net\/site\/wp-content\/uploads\/2025\/02\/tus25-no1-2023-anuario-768x292.jpg 768w, http:\/\/tudial.net\/site\/wp-content\/uploads\/2025\/02\/tus25-no1-2023-anuario-1536x584.jpg 1536w, http:\/\/tudial.net\/site\/wp-content\/uploads\/2025\/02\/tus25-no1-2023-anuario-1920x730.jpg 1920w\" sizes=\"auto, (max-width: 1024px) 100vw, 1024px\" \/><\/div>[vc_empty_space][vc_column_text css=&#8221;&#8221; animation=&#8221;fadeIn&#8221;]<\/p>\n<table width=\"714\">\n<tbody>\n<tr>\n<td width=\"50\"><span style=\"color: #ff0000;\"><em><strong>Puesto<\/strong><\/em><\/span><\/td>\n<td width=\"93\"><em><strong><span style=\"color: #ff0000;\">Semanas 2023<\/span><\/strong><\/em><\/td>\n<td width=\"68\"><span style=\"color: #ff0000;\"><em><strong>Peak 2023<\/strong><\/em><\/span><\/td>\n<td width=\"94\"><em><strong><span style=\"color: #ff0000;\">Semanas No.1<\/span><\/strong><\/em><\/td>\n<td width=\"409\"><\/td>\n<\/tr>\n<tr>\n<td>1<\/td>\n<td>40<\/td>\n<td>1<\/td>\n<td>7<\/td>\n<td>Taylor Swift &#8211; Anti-hero<\/td>\n<\/tr>\n<tr>\n<td>2<\/td>\n<td>38<\/td>\n<td>1<\/td>\n<td>2<\/td>\n<td>2 Minutos &#8211; Un velero llamado libertad<\/td>\n<\/tr>\n<tr>\n<td>3<\/td>\n<td>36<\/td>\n<td>1<\/td>\n<td>5<\/td>\n<td>Morgan Wallen &#8211; Last night<\/td>\n<\/tr>\n<tr>\n<td>4<\/td>\n<td>29<\/td>\n<td>1<\/td>\n<td>5<\/td>\n<td>Miley Cyrus &#8211; Flowers<\/td>\n<\/tr>\n<tr>\n<td>5<\/td>\n<td>33<\/td>\n<td>1<\/td>\n<td>2<\/td>\n<td>David Guetta &amp; Bebe Rexha &#8211; I&#8217;m good (Blue)<\/td>\n<\/tr>\n<tr>\n<td>6<\/td>\n<td>29<\/td>\n<td>1<\/td>\n<td>1<\/td>\n<td>Sam Smith &amp; Kim Petras &#8211; Unholy<\/td>\n<\/tr>\n<tr>\n<td>7<\/td>\n<td>33<\/td>\n<td>1<\/td>\n<td>3<\/td>\n<td>Ale Sergi &amp; Conociendo Rusia &#8211; Lunes por la madrugada<\/td>\n<\/tr>\n<tr>\n<td>8<\/td>\n<td>30<\/td>\n<td>1<\/td>\n<td>5<\/td>\n<td>Ed Sheeran &#8211; Eyes closed<\/td>\n<\/tr>\n<tr>\n<td>9<\/td>\n<td>38<\/td>\n<td>4<\/td>\n<td><\/td>\n<td>Tribbs &amp; Ben Cristovao &#8211; Future champ<\/td>\n<\/tr>\n<tr>\n<td>10<\/td>\n<td>30<\/td>\n<td>1<\/td>\n<td>1<\/td>\n<td>SZA &#8211; Kill Bill<\/td>\n<\/tr>\n<tr>\n<td>11<\/td>\n<td>32<\/td>\n<td>5<\/td>\n<td><\/td>\n<td>Kungs &#8211; Lipstick<\/td>\n<\/tr>\n<tr>\n<td>12<\/td>\n<td>23<\/td>\n<td>1<\/td>\n<td>3<\/td>\n<td>Elsa y Elmar &amp; Carla Morrison &#8211; Ojos noche<\/td>\n<\/tr>\n<tr>\n<td>13<\/td>\n<td>24<\/td>\n<td>1<\/td>\n<td>2<\/td>\n<td>Shawn Mendes &#8211; There&#8217;s nothing holdin&#8217; me back<\/td>\n<\/tr>\n<tr>\n<td>14<\/td>\n<td>29<\/td>\n<td>6<\/td>\n<td><\/td>\n<td>Myd &#8211; Let you speak<\/td>\n<\/tr>\n<tr>\n<td>15<\/td>\n<td>27<\/td>\n<td>4<\/td>\n<td><\/td>\n<td>Jimin &#8211; Like crazy<\/td>\n<\/tr>\n<tr>\n<td>16<\/td>\n<td>25<\/td>\n<td>2<\/td>\n<td><\/td>\n<td>Soolking &#8211; Suavemente<\/td>\n<\/tr>\n<tr>\n<td>17<\/td>\n<td>29<\/td>\n<td>1<\/td>\n<td>1<\/td>\n<td>Luke Combs &#8211; Fast car<\/td>\n<\/tr>\n<tr>\n<td>18<\/td>\n<td>26<\/td>\n<td>1<\/td>\n<td>2<\/td>\n<td>Rema &amp; Selena Gomez &#8211; Calm down<\/td>\n<\/tr>\n<tr>\n<td>19<\/td>\n<td>20<\/td>\n<td>1<\/td>\n<td>2<\/td>\n<td>Caligaris &amp; Miranda! &#8211; Mago<\/td>\n<\/tr>\n<tr>\n<td>20<\/td>\n<td>18<\/td>\n<td>1<\/td>\n<td>4<\/td>\n<td>Jungkook &amp; Latto &#8211; Seven<\/td>\n<\/tr>\n<tr>\n<td>21<\/td>\n<td>19<\/td>\n<td>1<\/td>\n<td>1<\/td>\n<td>Jain &#8211; Makeba<\/td>\n<\/tr>\n<tr>\n<td>22<\/td>\n<td>25<\/td>\n<td>4<\/td>\n<td><\/td>\n<td>Bandalos Chinos &#8211; C\u00e1llame<\/td>\n<\/tr>\n<tr>\n<td>23<\/td>\n<td>23<\/td>\n<td>4<\/td>\n<td><\/td>\n<td>Sol Pereyra, Kevin Johansen &amp; Los Mirlos &#8211; Te juro<\/td>\n<\/tr>\n<tr>\n<td>24<\/td>\n<td>21<\/td>\n<td>1<\/td>\n<td>1<\/td>\n<td>Alan Walker &amp; Benjamin Ingrosso &#8211; Man on the moon<\/td>\n<\/tr>\n<tr>\n<td>25<\/td>\n<td>33<\/td>\n<td>9<\/td>\n<td><\/td>\n<td>Luude &amp; Mattafix &#8211; Big city life<\/td>\n<\/tr>\n<tr>\n<td>26<\/td>\n<td>16<\/td>\n<td>1<\/td>\n<td>2<\/td>\n<td>Tommy Vee &#8211; DANCE NOW!<\/td>\n<\/tr>\n<tr>\n<td>27<\/td>\n<td>25<\/td>\n<td>7<\/td>\n<td><\/td>\n<td>Aisis by Breezer &#8211; Out of my mind<\/td>\n<\/tr>\n<tr>\n<td>28<\/td>\n<td>20<\/td>\n<td>8<\/td>\n<td><\/td>\n<td>Lasso &#8211; Ojos marrones<\/td>\n<\/tr>\n<tr>\n<td>29<\/td>\n<td>24<\/td>\n<td>8<\/td>\n<td><\/td>\n<td>Moenia &amp; Javiera Mena &#8211; Fotonovela<\/td>\n<\/tr>\n<tr>\n<td>30<\/td>\n<td>19<\/td>\n<td>4<\/td>\n<td><\/td>\n<td>Elton John &amp; Britney Spears &#8211; Hold me closer<\/td>\n<\/tr>\n<tr>\n<td>31<\/td>\n<td>23<\/td>\n<td>8<\/td>\n<td><\/td>\n<td>Steve Lacy &#8211; Bad habit<\/td>\n<\/tr>\n<tr>\n<td>32<\/td>\n<td>27<\/td>\n<td>9<\/td>\n<td><\/td>\n<td>Calogero &#8211; 1987<\/td>\n<\/tr>\n<tr>\n<td>33<\/td>\n<td>28<\/td>\n<td>14<\/td>\n<td><\/td>\n<td>LAU &#8211; Give her your love<\/td>\n<\/tr>\n<tr>\n<td>34<\/td>\n<td>22<\/td>\n<td>8<\/td>\n<td><\/td>\n<td>Parientes &#8211; Cuando estoy solo<\/td>\n<\/tr>\n<tr>\n<td>35<\/td>\n<td>14<\/td>\n<td>3<\/td>\n<td><\/td>\n<td>Goldstone &#8211; All I know<\/td>\n<\/tr>\n<tr>\n<td>36<\/td>\n<td>14<\/td>\n<td>1<\/td>\n<td>1<\/td>\n<td>The Rolling Stones &#8211; Angry<\/td>\n<\/tr>\n<tr>\n<td>37<\/td>\n<td>20<\/td>\n<td>9<\/td>\n<td><\/td>\n<td>Fito Paez &amp; Angela Aguilar &#8211; Brillante sobre el mic<\/td>\n<\/tr>\n<tr>\n<td>38<\/td>\n<td>24<\/td>\n<td>13<\/td>\n<td><\/td>\n<td>Daft Punk &#8211; Face to face (Future Funk mix)<\/td>\n<\/tr>\n<tr>\n<td>39<\/td>\n<td>17<\/td>\n<td>11<\/td>\n<td><\/td>\n<td>David Leb\u00f3n &amp; Diego Torres &#8211; Seminare<\/td>\n<\/tr>\n<tr>\n<td>40<\/td>\n<td>8<\/td>\n<td>1<\/td>\n<td>2<\/td>\n<td>The Beatles &#8211; Now and then <em><strong><span style=\"color: #ff0000;\">#3 Best Entry ever \/ 2023 Best Entry<\/span><\/strong><\/em><\/td>\n<\/tr>\n<tr>\n<td>41<\/td>\n<td>15<\/td>\n<td>5<\/td>\n<td><\/td>\n<td>Ghost &#8211; We don&#8217;t need another hero<\/td>\n<\/tr>\n<tr>\n<td>42<\/td>\n<td>22<\/td>\n<td>13<\/td>\n<td><\/td>\n<td>DJD &#8211; Par\u00eds<\/td>\n<\/tr>\n<tr>\n<td>43<\/td>\n<td>16<\/td>\n<td>10<\/td>\n<td><\/td>\n<td>Kygo &amp; Tina Turner &#8211; What&#8217;s love got to do with it<\/td>\n<\/tr>\n<tr>\n<td>44<\/td>\n<td>15<\/td>\n<td>5<\/td>\n<td><\/td>\n<td>Los Caligaris &#8211; Con vos<\/td>\n<\/tr>\n<tr>\n<td>45<\/td>\n<td>19<\/td>\n<td>12<\/td>\n<td><\/td>\n<td>Eliza Rose &#8211; BOTA (Baddest Of Them All)<\/td>\n<\/tr>\n<tr>\n<td>46<\/td>\n<td>18<\/td>\n<td>15<\/td>\n<td><\/td>\n<td>Pobre F\u00e9lix &#8211; D\u00edscolo<\/td>\n<\/tr>\n<tr>\n<td>47<\/td>\n<td>12<\/td>\n<td>12<\/td>\n<td><\/td>\n<td>Rita Ora &amp; Fatboy Slim &#8211; Praising you<\/td>\n<\/tr>\n<tr>\n<td>48<\/td>\n<td>16<\/td>\n<td>15<\/td>\n<td><\/td>\n<td>Noel Schajris &amp; Reik &#8211; Dime<\/td>\n<\/tr>\n<tr>\n<td>49<\/td>\n<td>11<\/td>\n<td>13<\/td>\n<td><\/td>\n<td>Purple Disco Machine, Kungs &amp; Julian Perretta &#8211; Substitution<\/td>\n<\/tr>\n<tr>\n<td>50<\/td>\n<td>9<\/td>\n<td>11<\/td>\n<td><\/td>\n<td>Ava Max &#8211; Maybe you&#8217;re the problem<\/td>\n<\/tr>\n<\/tbody>\n<\/table>\n<p>[\/vc_column_text][\/vc_column][\/vc_row][vc_row][vc_column width=&#8221;2\/3&#8243;]<div class=\"grve-element grve-image grve-animated-item grve-fadeIn grve-align-center\" style=\"\" data-delay=\"200\"><img loading=\"lazy\" decoding=\"async\" width=\"1024\" height=\"430\" src=\"http:\/\/tudial.net\/site\/wp-content\/uploads\/2025\/02\/tus25-charts-2023-1-1024x430.jpg\" class=\"attachment-large size-large\" alt=\"\" srcset=\"http:\/\/tudial.net\/site\/wp-content\/uploads\/2025\/02\/tus25-charts-2023-1-1024x430.jpg 1024w, http:\/\/tudial.net\/site\/wp-content\/uploads\/2025\/02\/tus25-charts-2023-1-300x126.jpg 300w, http:\/\/tudial.net\/site\/wp-content\/uploads\/2025\/02\/tus25-charts-2023-1-768x322.jpg 768w, http:\/\/tudial.net\/site\/wp-content\/uploads\/2025\/02\/tus25-charts-2023-1-1536x645.jpg 1536w, http:\/\/tudial.net\/site\/wp-content\/uploads\/2025\/02\/tus25-charts-2023-1-1920x806.jpg 1920w\" sizes=\"auto, (max-width: 1024px) 100vw, 1024px\" \/><\/div>[\/vc_column][vc_column width=&#8221;1\/3&#8243;][vc_empty_space height=&#8221;62px&#8221;][\/vc_column][\/vc_row]<\/p>\n<\/div><script>function PlayerjsAsync(){} if(window[\"Playerjs\"]){PlayerjsAsync();}<\/script>","protected":false},"excerpt":{"rendered":"<p>[vc_row][vc_column][vc_column_text css=&#8221;&#8221; animation=&#8221;fadeIn&#8221;] Este especial se estrenar\u00e1 en diciembre de 2025 durante la Megamarat\u00f3n de Anuarios de Tus 25. 69 canciones ingresaron y permanecieron en total durante todo el a\u00f1o. 20 de ellas llegaron al #1, de las cuales 9 de las 10 primeras de la lista llegaron a la cima. [\/vc_column_text][\/vc_column][\/vc_row][vc_row][vc_column][vc_empty_space][vc_column_text css=&#8221;&#8221; animation=&#8221;fadeIn&#8221;] Puesto [&hellip;]<\/p>\n","protected":false},"author":1,"featured_media":0,"parent":44,"menu_order":0,"comment_status":"closed","ping_status":"closed","template":"","meta":{"footnotes":""},"class_list":["post-1107","page","type-page","status-publish","hentry"],"_links":{"self":[{"href":"http:\/\/tudial.net\/site\/wp-json\/wp\/v2\/pages\/1107","targetHints":{"allow":["GET"]}}],"collection":[{"href":"http:\/\/tudial.net\/site\/wp-json\/wp\/v2\/pages"}],"about":[{"href":"http:\/\/tudial.net\/site\/wp-json\/wp\/v2\/types\/page"}],"author":[{"embeddable":true,"href":"http:\/\/tudial.net\/site\/wp-json\/wp\/v2\/users\/1"}],"replies":[{"embeddable":true,"href":"http:\/\/tudial.net\/site\/wp-json\/wp\/v2\/comments?post=1107"}],"version-history":[{"count":4,"href":"http:\/\/tudial.net\/site\/wp-json\/wp\/v2\/pages\/1107\/revisions"}],"predecessor-version":[{"id":1123,"href":"http:\/\/tudial.net\/site\/wp-json\/wp\/v2\/pages\/1107\/revisions\/1123"}],"up":[{"embeddable":true,"href":"http:\/\/tudial.net\/site\/wp-json\/wp\/v2\/pages\/44"}],"wp:attachment":[{"href":"http:\/\/tudial.net\/site\/wp-json\/wp\/v2\/media?parent=1107"}],"curies":[{"name":"wp","href":"https:\/\/api.w.org\/{rel}","templated":true}]}}